{"id":5069,"date":"2025-04-16T16:00:09","date_gmt":"2025-04-16T16:00:09","guid":{"rendered":"https:\/\/cashbrawl.io\/?post_type=product&#038;p=5069"},"modified":"2026-02-19T17:53:12","modified_gmt":"2026-02-19T17:53:12","slug":"recharge-your-brawldollar","status":"publish","type":"product","link":"https:\/\/cashbrawl.io\/pt\/produto\/recharge-your-brawldollar\/","title":{"rendered":"Recarregue seu BrawlDollar"},"content":{"rendered":"","protected":false},"excerpt":{"rendered":"<h3 data-start=\"149\" data-end=\"205\">???? <strong data-start=\"152\" data-end=\"205\">Recarregue seu BrawlDollar e jogue BrawlStars!<\/strong><\/h3>\n<p class=\"\" data-start=\"207\" data-end=\"446\">Bem-vindo ao cora\u00e7\u00e3o da a\u00e7\u00e3o em <strong data-start=\"245\" data-end=\"258\">Cashbrawl<\/strong>!<br data-start=\"259\" data-end=\"262\" \/><strong data-start=\"262\" data-end=\"277\">BrawlDollar<\/strong> \u00e9 a moeda virtual oficial de <strong>Cashbrawl<\/strong>, o jogo baseado em BrawlStars!<br data-start=\"354\" data-end=\"357\" \/>Cada BrawlDollar vale 1 USD, permitindo que voc\u00ea participe de jogos e ganhe dinheiro real.<\/p>\n<p data-start=\"448\" data-end=\"778\"><img fetchpriority=\"high\" decoding=\"async\" class=\"wp-image-7032 aligncenter\" src=\"https:\/\/cashbrawl.io\/wp-content\/uploads\/2025\/04\/background_removalTUFHLXhvYi1pVUkjMSM2Y2FmMjhhNTNhMzRiYzBiNTFlMTQ3ZGQxNmEyZTRmMCMxNTM2IyNUUkFOU0ZPUk1BVElPTl9SRVFVRVNU-1.png\" alt=\"\" width=\"531\" height=\"354\" srcset=\"https:\/\/cashbrawl.io\/wp-content\/uploads\/2025\/04\/background_removalTUFHLXhvYi1pVUkjMSM2Y2FmMjhhNTNhMzRiYzBiNTFlMTQ3ZGQxNmEyZTRmMCMxNTM2IyNUUkFOU0ZPUk1BVElPTl9SRVFVRVNU-1.png 1536w, https:\/\/cashbrawl.io\/wp-content\/uploads\/2025\/04\/background_removalTUFHLXhvYi1pVUkjMSM2Y2FmMjhhNTNhMzRiYzBiNTFlMTQ3ZGQxNmEyZTRmMCMxNTM2IyNUUkFOU0ZPUk1BVElPTl9SRVFVRVNU-1-300x200.png 300w, https:\/\/cashbrawl.io\/wp-content\/uploads\/2025\/04\/background_removalTUFHLXhvYi1pVUkjMSM2Y2FmMjhhNTNhMzRiYzBiNTFlMTQ3ZGQxNmEyZTRmMCMxNTM2IyNUUkFOU0ZPUk1BVElPTl9SRVFVRVNU-1-1024x683.png 1024w, https:\/\/cashbrawl.io\/wp-content\/uploads\/2025\/04\/background_removalTUFHLXhvYi1pVUkjMSM2Y2FmMjhhNTNhMzRiYzBiNTFlMTQ3ZGQxNmEyZTRmMCMxNTM2IyNUUkFOU0ZPUk1BVElPTl9SRVFVRVNU-1-768x512.png 768w, https:\/\/cashbrawl.io\/wp-content\/uploads\/2025\/04\/background_removalTUFHLXhvYi1pVUkjMSM2Y2FmMjhhNTNhMzRiYzBiNTFlMTQ3ZGQxNmEyZTRmMCMxNTM2IyNUUkFOU0ZPUk1BVElPTl9SRVFVRVNU-1-18x12.png 18w, https:\/\/cashbrawl.io\/wp-content\/uploads\/2025\/04\/background_removalTUFHLXhvYi1pVUkjMSM2Y2FmMjhhNTNhMzRiYzBiNTFlMTQ3ZGQxNmEyZTRmMCMxNTM2IyNUUkFOU0ZPUk1BVElPTl9SRVFVRVNU-1-1320x880.png 1320w, https:\/\/cashbrawl.io\/wp-content\/uploads\/2025\/04\/background_removalTUFHLXhvYi1pVUkjMSM2Y2FmMjhhNTNhMzRiYzBiNTFlMTQ3ZGQxNmEyZTRmMCMxNTM2IyNUUkFOU0ZPUk1BVElPTl9SRVFVRVNU-1-600x400.png 600w\" sizes=\"(max-width: 531px) 100vw, 531px\" \/><\/p>\n<hr \/>\n<h3 data-start=\"448\" data-end=\"778\"><strong>???? Como funciona o BrawlDollar?<\/strong><\/h3>\n<ol>\n<li><strong>Comprar BrawlDollar<\/strong>:\n<ul>\n<li>Comprar <strong>BrawlDollar<\/strong> com sua moeda local. A convers\u00e3o ser\u00e1 feita automaticamente a uma taxa de <strong>1 BrawlDollar = 1 USD<\/strong>.<\/li>\n<li>Uma vez comprado, seu <strong>BrawlDollar<\/strong> ser\u00e1 adicionado ao seu saldo, e voc\u00ea poder\u00e1 us\u00e1-lo para participar de jogos e ganhar pr\u00eamios.<\/li>\n<\/ul>\n<\/li>\n<li><strong>Use BrawlDollar para jogar<\/strong>:\n<ul>\n<li>Participe em <strong>1 contra 1, 3 contra 3<\/strong>, <strong>5 contra 5<\/strong>, e <strong>Sobreviv\u00eancia<\/strong> jogos em <strong>BrawlStars<\/strong>, usando seu <strong>BrawlDollar<\/strong>.<\/li>\n<li>Cada partida ter\u00e1 um <strong>taxa de inscri\u00e7\u00e3o<\/strong> que pode ser pago com <strong>BrawlDollar<\/strong>.<\/li>\n<\/ul>\n<\/li>\n<li><strong>Sacar para dinheiro real<\/strong>:\n<ul>\n<li><span style=\"font-weight: 400;\">Uma vez que voc\u00ea acumule um saldo suficiente em BrawlDollar, <\/span><b>voc\u00ea pode convert\u00ea-lo para sua moeda local e sacar usando o m\u00e9todo de sua prefer\u00eancia<\/b><span style=\"font-weight: 400;\"><span style=\"font-weight: 400;\">:<br \/>\n<\/span><\/span><\/p>\n<ul>\n<li style=\"font-weight: 400;\" aria-level=\"2\"><b>Criptomoeda :<\/b><span style=\"font-weight: 400;\"> Taxa fixa de 1 $.<\/span><\/li>\n<li style=\"font-weight: 400;\" aria-level=\"2\"><b>PayPal:<\/b><span style=\"font-weight: 400;\"> Taxa fixa de 5 $.<\/span><\/li>\n<li aria-level=\"2\"><span style=\"font-weight: 400;\"><b>Transfer\u00eancia banc\u00e1ria :<\/b> Dispon\u00edvel apenas para saques acima de 50 $, sem taxas.<\/span><\/li>\n<\/ul>\n<\/li>\n<\/ul>\n<\/li>\n<\/ol>\n<p><img decoding=\"async\" class=\"wp-image-7034 aligncenter\" src=\"https:\/\/cashbrawl.io\/wp-content\/uploads\/2025\/04\/Progetto-senza-titolo-53-1.png\" alt=\"\" width=\"531\" height=\"354\" srcset=\"https:\/\/cashbrawl.io\/wp-content\/uploads\/2025\/04\/Progetto-senza-titolo-53-1.png 1536w, https:\/\/cashbrawl.io\/wp-content\/uploads\/2025\/04\/Progetto-senza-titolo-53-1-300x200.png 300w, https:\/\/cashbrawl.io\/wp-content\/uploads\/2025\/04\/Progetto-senza-titolo-53-1-1024x683.png 1024w, https:\/\/cashbrawl.io\/wp-content\/uploads\/2025\/04\/Progetto-senza-titolo-53-1-768x512.png 768w, https:\/\/cashbrawl.io\/wp-content\/uploads\/2025\/04\/Progetto-senza-titolo-53-1-18x12.png 18w, https:\/\/cashbrawl.io\/wp-content\/uploads\/2025\/04\/Progetto-senza-titolo-53-1-1320x880.png 1320w, https:\/\/cashbrawl.io\/wp-content\/uploads\/2025\/04\/Progetto-senza-titolo-53-1-600x400.png 600w\" sizes=\"(max-width: 531px) 100vw, 531px\" \/><\/p>\n<hr \/>\n<h3><strong>???? Por que usar BrawlDollar?<\/strong><\/h3>\n<ol>\n<li><strong>Acesso f\u00e1cil<\/strong>: Voc\u00ea pode comprar seu <strong>BrawlDollar<\/strong> facilmente com cart\u00f5es de cr\u00e9dito, PayPal ou criptomoedas.<br \/>\n<strong>1 BrawlDollar = 1 USD<\/strong>.<\/li>\n<li><strong>Op\u00e7\u00f5es de saque flex\u00edveis<\/strong>: Voc\u00ea pode sacar seus ganhos na sua moeda local ou atrav\u00e9s de v\u00e1rios m\u00e9todos suportados, incluindo criptomoedas e plataformas de pagamento online.<\/li>\n<li><strong>Simplicidade<\/strong>: Usando <strong>BrawlDollar<\/strong> torna tudo mais r\u00e1pido e simples, sem a necessidade de gerenciar convers\u00f5es de moeda complexas.<\/li>\n<li><strong>Jogue e ganhe<\/strong>: Use seu <strong>BrawlDollar<\/strong> para participar de torneios e jogos em <strong>BrawlStars<\/strong> atrav\u00e9s de <strong>CashBrawl<\/strong> <strong>Bot<\/strong> e ganhe pr\u00eamios em dinheiro real.<\/li>\n<\/ol>\n<hr \/>\n<h3><strong>???? Saques f\u00e1ceis e r\u00e1pidos com BrawlDollar<\/strong><\/h3>\n<p>Uma vez que voc\u00ea tenha acumulado <strong>BrawlDollar<\/strong>, voc\u00ea pode convert\u00ea-los facilmente em dinheiro real.<\/p>\n<ul>\n<li><strong>1 BrawlDollar = 1 USD<\/strong>.<\/li>\n<li>Voc\u00ea pode escolher <strong>sacar via PayPal<\/strong>, <strong>transfer\u00eancia banc\u00e1ria<\/strong>, ou <strong>criptomoedas<\/strong>.<\/li>\n<li><strong>Valor m\u00ednimo de saque<\/strong>: <strong>$10 USD<\/strong>.<\/li>\n<li><strong>Tempo de processamento<\/strong>: <strong>Imediato<\/strong> at\u00e9 <strong>72 horas<\/strong>.<img decoding=\"async\" class=\"wp-image-7033 aligncenter\" src=\"https:\/\/cashbrawl.io\/wp-content\/uploads\/2025\/04\/background_removalTUFHLXhvQ25PbncjMSM2Y2FmMjhhNTNhMzRiYzBiNTFlMTQ3ZGQxNmEyZTRmMCMxNTM2IyNUUkFOU0ZPUk1BVElPTl9SRVFVRVNU-1.png\" alt=\"\" width=\"531\" height=\"354\" srcset=\"https:\/\/cashbrawl.io\/wp-content\/uploads\/2025\/04\/background_removalTUFHLXhvQ25PbncjMSM2Y2FmMjhhNTNhMzRiYzBiNTFlMTQ3ZGQxNmEyZTRmMCMxNTM2IyNUUkFOU0ZPUk1BVElPTl9SRVFVRVNU-1.png 1536w, https:\/\/cashbrawl.io\/wp-content\/uploads\/2025\/04\/background_removalTUFHLXhvQ25PbncjMSM2Y2FmMjhhNTNhMzRiYzBiNTFlMTQ3ZGQxNmEyZTRmMCMxNTM2IyNUUkFOU0ZPUk1BVElPTl9SRVFVRVNU-1-300x200.png 300w, https:\/\/cashbrawl.io\/wp-content\/uploads\/2025\/04\/background_removalTUFHLXhvQ25PbncjMSM2Y2FmMjhhNTNhMzRiYzBiNTFlMTQ3ZGQxNmEyZTRmMCMxNTM2IyNUUkFOU0ZPUk1BVElPTl9SRVFVRVNU-1-1024x683.png 1024w, https:\/\/cashbrawl.io\/wp-content\/uploads\/2025\/04\/background_removalTUFHLXhvQ25PbncjMSM2Y2FmMjhhNTNhMzRiYzBiNTFlMTQ3ZGQxNmEyZTRmMCMxNTM2IyNUUkFOU0ZPUk1BVElPTl9SRVFVRVNU-1-768x512.png 768w, https:\/\/cashbrawl.io\/wp-content\/uploads\/2025\/04\/background_removalTUFHLXhvQ25PbncjMSM2Y2FmMjhhNTNhMzRiYzBiNTFlMTQ3ZGQxNmEyZTRmMCMxNTM2IyNUUkFOU0ZPUk1BVElPTl9SRVFVRVNU-1-18x12.png 18w, https:\/\/cashbrawl.io\/wp-content\/uploads\/2025\/04\/background_removalTUFHLXhvQ25PbncjMSM2Y2FmMjhhNTNhMzRiYzBiNTFlMTQ3ZGQxNmEyZTRmMCMxNTM2IyNUUkFOU0ZPUk1BVElPTl9SRVFVRVNU-1-1320x880.png 1320w, https:\/\/cashbrawl.io\/wp-content\/uploads\/2025\/04\/background_removalTUFHLXhvQ25PbncjMSM2Y2FmMjhhNTNhMzRiYzBiNTFlMTQ3ZGQxNmEyZTRmMCMxNTM2IyNUUkFOU0ZPUk1BVElPTl9SRVFVRVNU-1-600x400.png 600w\" sizes=\"(max-width: 531px) 100vw, 531px\" \/><\/li>\n<\/ul>\n<hr \/>\n<h3><strong>???? Convers\u00e3o e faturamento<\/strong><\/h3>\n<p><strong>BrawlDollar<\/strong> devem ser usados para completar o <strong>faturamento<\/strong> antes que possa ser retirado.<\/p>\n<ul>\n<li>Cada <strong>BrawlDollar<\/strong> <strong>(Saldo real)<\/strong> comprado tem um <strong>1x<\/strong> volume de apostas.\n<ul>\n<li>Por exemplo, se voc\u00ea comprar <strong>5 BrawlDollar<\/strong>, voc\u00ea deve jogar o equivalente a <strong>5 BrawlDollar<\/strong> para completar o volume de apostas e poder sacar seu saldo real.<\/li>\n<\/ul>\n<\/li>\n<li>Cada <strong>BrawlCoin (cr\u00e9ditos b\u00f4nus)<\/strong> recebido tem um <strong>30x<\/strong> volume de apostas.\n<ul>\n<li>Por exemplo, se voc\u00ea receber <strong>b\u00f4nus de 5 BrawlDollar<\/strong>, voc\u00ea deve jogar o equivalente a <strong>150 BrawlDollar<\/strong> para completar o volume de apostas e poder sacar seu saldo de b\u00f4nus.<\/li>\n<\/ul>\n<\/li>\n<li><strong>Saldo de b\u00f4nus<\/strong> e <strong>Saldo real<\/strong> s\u00e3o gerenciados separadamente, mas ambos podem ser usados para participar de jogos.<\/li>\n<\/ul>\n<h3><\/h3>\n<hr \/>\n<h3><strong>???? Recarregue agora e comece a jogar!<\/strong><\/h3>\n<p>N\u00e3o espere \u2013 <a href=\"https:\/\/cashbrawl.io\/pt\/produto\/recharge-your-brawldollar\/\"><strong>recarregue seu BrawlDollar<\/strong> <\/a>hoje e comece a competir por pr\u00eamios em dinheiro real em <strong>CashBrawl<\/strong>!<\/p>\n<p><strong>Compre agora e comece a ganhar!<\/strong><\/p>","protected":false},"featured_media":7001,"template":"","meta":{"inline_featured_image":false},"product_brand":[],"product_cat":[15],"product_tag":[],"class_list":{"0":"post-5069","1":"product","2":"type-product","3":"status-publish","4":"has-post-thumbnail","6":"product_cat-uncategorized","7":"product_shipping_class-virtual","9":"first","10":"instock","11":"sold-individually","12":"shipping-taxable","13":"purchasable","14":"product-type-variable"},"jetpack_sharing_enabled":true,"_links":{"self":[{"href":"https:\/\/cashbrawl.io\/pt\/wp-json\/wp\/v2\/product\/5069","targetHints":{"allow":["GET"]}}],"collection":[{"href":"https:\/\/cashbrawl.io\/pt\/wp-json\/wp\/v2\/product"}],"about":[{"href":"https:\/\/cashbrawl.io\/pt\/wp-json\/wp\/v2\/types\/product"}],"wp:featuredmedia":[{"embeddable":true,"href":"https:\/\/cashbrawl.io\/pt\/wp-json\/wp\/v2\/media\/7001"}],"wp:attachment":[{"href":"https:\/\/cashbrawl.io\/pt\/wp-json\/wp\/v2\/media?parent=5069"}],"wp:term":[{"taxonomy":"product_brand","embeddable":true,"href":"https:\/\/cashbrawl.io\/pt\/wp-json\/wp\/v2\/product_brand?post=5069"},{"taxonomy":"product_cat","embeddable":true,"href":"https:\/\/cashbrawl.io\/pt\/wp-json\/wp\/v2\/product_cat?post=5069"},{"taxonomy":"product_tag","embeddable":true,"href":"https:\/\/cashbrawl.io\/pt\/wp-json\/wp\/v2\/product_tag?post=5069"}],"curies":[{"name":"wp","href":"https:\/\/api.w.org\/{rel}","templated":true}]}}