{"id":5069,"date":"2025-04-16T16:00:09","date_gmt":"2025-04-16T16:00:09","guid":{"rendered":"https:\/\/cashbrawl.io\/?post_type=product&#038;p=5069"},"modified":"2026-02-19T17:53:12","modified_gmt":"2026-02-19T17:53:12","slug":"recharge-your-brawldollar","status":"publish","type":"product","link":"https:\/\/cashbrawl.io\/fr\/produit\/recharge-your-brawldollar\/","title":{"rendered":"Rechargez votre BrawlDollar"},"content":{"rendered":"","protected":false},"excerpt":{"rendered":"<h3 data-start=\"149\" data-end=\"205\">???? <strong data-start=\"152\" data-end=\"205\">Rechargez vos BrawlDollar et jouez \u00e0 BrawlStars !<\/strong><\/h3>\n<p class=\"\" data-start=\"207\" data-end=\"446\">Bienvenue au c\u0153ur de l'action sur Cashbrawl ! <strong data-start=\"245\" data-end=\"258\">Cashbrawl<\/strong>!<br data-start=\"259\" data-end=\"262\" \/><strong data-start=\"262\" data-end=\"277\">BrawlDollar<\/strong> est la monnaie virtuelle officielle de <strong>Cashbrawl<\/strong>, le jeu inspir\u00e9 de BrawlStars !<br data-start=\"354\" data-end=\"357\" \/>Chaque BrawlDollar vaut 1 USD, vous permettant de participer \u00e0 des parties et de gagner de l'argent r\u00e9el.<\/p>\n<p data-start=\"448\" data-end=\"778\"><img fetchpriority=\"high\" decoding=\"async\" class=\"wp-image-7032 aligncenter\" src=\"https:\/\/cashbrawl.io\/wp-content\/uploads\/2025\/04\/background_removalTUFHLXhvYi1pVUkjMSM2Y2FmMjhhNTNhMzRiYzBiNTFlMTQ3ZGQxNmEyZTRmMCMxNTM2IyNUUkFOU0ZPUk1BVElPTl9SRVFVRVNU-1.png\" alt=\"\" width=\"531\" height=\"354\" srcset=\"https:\/\/cashbrawl.io\/wp-content\/uploads\/2025\/04\/background_removalTUFHLXhvYi1pVUkjMSM2Y2FmMjhhNTNhMzRiYzBiNTFlMTQ3ZGQxNmEyZTRmMCMxNTM2IyNUUkFOU0ZPUk1BVElPTl9SRVFVRVNU-1.png 1536w, https:\/\/cashbrawl.io\/wp-content\/uploads\/2025\/04\/background_removalTUFHLXhvYi1pVUkjMSM2Y2FmMjhhNTNhMzRiYzBiNTFlMTQ3ZGQxNmEyZTRmMCMxNTM2IyNUUkFOU0ZPUk1BVElPTl9SRVFVRVNU-1-300x200.png 300w, https:\/\/cashbrawl.io\/wp-content\/uploads\/2025\/04\/background_removalTUFHLXhvYi1pVUkjMSM2Y2FmMjhhNTNhMzRiYzBiNTFlMTQ3ZGQxNmEyZTRmMCMxNTM2IyNUUkFOU0ZPUk1BVElPTl9SRVFVRVNU-1-1024x683.png 1024w, https:\/\/cashbrawl.io\/wp-content\/uploads\/2025\/04\/background_removalTUFHLXhvYi1pVUkjMSM2Y2FmMjhhNTNhMzRiYzBiNTFlMTQ3ZGQxNmEyZTRmMCMxNTM2IyNUUkFOU0ZPUk1BVElPTl9SRVFVRVNU-1-768x512.png 768w, https:\/\/cashbrawl.io\/wp-content\/uploads\/2025\/04\/background_removalTUFHLXhvYi1pVUkjMSM2Y2FmMjhhNTNhMzRiYzBiNTFlMTQ3ZGQxNmEyZTRmMCMxNTM2IyNUUkFOU0ZPUk1BVElPTl9SRVFVRVNU-1-18x12.png 18w, https:\/\/cashbrawl.io\/wp-content\/uploads\/2025\/04\/background_removalTUFHLXhvYi1pVUkjMSM2Y2FmMjhhNTNhMzRiYzBiNTFlMTQ3ZGQxNmEyZTRmMCMxNTM2IyNUUkFOU0ZPUk1BVElPTl9SRVFVRVNU-1-1320x880.png 1320w, https:\/\/cashbrawl.io\/wp-content\/uploads\/2025\/04\/background_removalTUFHLXhvYi1pVUkjMSM2Y2FmMjhhNTNhMzRiYzBiNTFlMTQ3ZGQxNmEyZTRmMCMxNTM2IyNUUkFOU0ZPUk1BVElPTl9SRVFVRVNU-1-600x400.png 600w\" sizes=\"(max-width: 531px) 100vw, 531px\" \/><\/p>\n<hr \/>\n<h3 data-start=\"448\" data-end=\"778\"><strong>????Comment fonctionne BrawlDollar ?<\/strong><\/h3>\n<ol>\n<li><strong>Acheter des BrawlDollars<\/strong>:\n<ul>\n<li>Achetez <strong>BrawlDollar<\/strong> avec votre devise locale. La conversion sera effectu\u00e9e automatiquement au taux de <strong>1 BrawlDollar = 1 USD<\/strong>.<\/li>\n<li>Une fois achet\u00e9s, vos <strong>BrawlDollar<\/strong> seront ajout\u00e9s \u00e0 votre solde et vous pourrez les utiliser pour participer \u00e0 des jeux et gagner des prix.<\/li>\n<\/ul>\n<\/li>\n<li><strong>Utilisez BrawlDollar pour jouer<\/strong>:\n<ul>\n<li>Participez \u00e0 des parties <strong>1 contre 1, 3 contre 3<\/strong>, <strong>5 contre 5<\/strong>et <strong>Survie<\/strong> jeux sur <strong>BrawlStars<\/strong>, en utilisant vos <strong>BrawlDollar<\/strong>.<\/li>\n<li>Chaque match aura un <strong>droit d'entr\u00e9e<\/strong> qui peut \u00eatre pay\u00e9 avec <strong>BrawlDollar<\/strong>.<\/li>\n<\/ul>\n<\/li>\n<li><strong>Retirer de l'argent r\u00e9el<\/strong>:\n<ul>\n<li><span style=\"font-weight: 400;\">Une fois que vous avez accumul\u00e9 un solde suffisant en BrawlDollar, <\/span><b>vous pouvez le convertir dans votre monnaie locale et le retirer en utilisant la m\u00e9thode de votre choix.<\/b><span style=\"font-weight: 400;\"><span style=\"font-weight: 400;\">:<br \/>\n<\/span><\/span><\/p>\n<ul>\n<li style=\"font-weight: 400;\" aria-level=\"2\"><b>Crypto :<\/b><span style=\"font-weight: 400;\"> Frais fixe de 1 $.<\/span><\/li>\n<li style=\"font-weight: 400;\" aria-level=\"2\"><b>PayPal:<\/b><span style=\"font-weight: 400;\"> Frais fixe de 5 $.<\/span><\/li>\n<li aria-level=\"2\"><span style=\"font-weight: 400;\"><b>Virement bancaire :<\/b> Disponible uniquement pour les retraits sup\u00e9rieurs \u00e0 50 $, sans frais.<\/span><\/li>\n<\/ul>\n<\/li>\n<\/ul>\n<\/li>\n<\/ol>\n<p><img decoding=\"async\" class=\"wp-image-7034 aligncenter\" src=\"https:\/\/cashbrawl.io\/wp-content\/uploads\/2025\/04\/Progetto-senza-titolo-53-1.png\" alt=\"\" width=\"531\" height=\"354\" srcset=\"https:\/\/cashbrawl.io\/wp-content\/uploads\/2025\/04\/Progetto-senza-titolo-53-1.png 1536w, https:\/\/cashbrawl.io\/wp-content\/uploads\/2025\/04\/Progetto-senza-titolo-53-1-300x200.png 300w, https:\/\/cashbrawl.io\/wp-content\/uploads\/2025\/04\/Progetto-senza-titolo-53-1-1024x683.png 1024w, https:\/\/cashbrawl.io\/wp-content\/uploads\/2025\/04\/Progetto-senza-titolo-53-1-768x512.png 768w, https:\/\/cashbrawl.io\/wp-content\/uploads\/2025\/04\/Progetto-senza-titolo-53-1-18x12.png 18w, https:\/\/cashbrawl.io\/wp-content\/uploads\/2025\/04\/Progetto-senza-titolo-53-1-1320x880.png 1320w, https:\/\/cashbrawl.io\/wp-content\/uploads\/2025\/04\/Progetto-senza-titolo-53-1-600x400.png 600w\" sizes=\"(max-width: 531px) 100vw, 531px\" \/><\/p>\n<hr \/>\n<h3><strong>????Pourquoi utiliser BrawlDollar ?<\/strong><\/h3>\n<ol>\n<li><strong>Acc\u00e8s facile<\/strong>: Vous pouvez acheter vos <strong>BrawlDollar<\/strong> facilement avec des cartes de cr\u00e9dit, PayPal ou des cryptomonnaies.<br \/>\n<strong>1 BrawlDollar = 1 USD<\/strong>.<\/li>\n<li><strong>Options de retrait flexibles<\/strong>: Vous pouvez retirer vos gains dans votre devise locale ou via diff\u00e9rentes m\u00e9thodes prises en charge, notamment les cryptomonnaies et les plateformes de paiement en ligne.<\/li>\n<li><strong>Simplicit\u00e9<\/strong>: Using <strong>BrawlDollar<\/strong> rend tout plus rapide et plus simple, sans avoir \u00e0 g\u00e9rer des conversions de devises complexes.<\/li>\n<li><strong>Jouez et gagnez<\/strong>: utilisez vos <strong>BrawlDollar<\/strong> pour participer \u00e0 des tournois et des parties sur <strong>BrawlStars<\/strong> \u00e0 travers <strong>CashBrawl<\/strong> <strong>Bot<\/strong> et gagnez de vrais prix en argent.<\/li>\n<\/ol>\n<hr \/>\n<h3><strong>????Retraits faciles et rapides avec BrawlDollar<\/strong><\/h3>\n<p>Une fois que vous avez accumul\u00e9 <strong>BrawlDollar<\/strong>, vous pouvez facilement les convertir en argent r\u00e9el.<\/p>\n<ul>\n<li><strong>1 BrawlDollar = 1 USD<\/strong>.<\/li>\n<li>Vous pouvez choisir d' <strong>effectuer votre retrait via PayPal<\/strong>, <strong>virement bancaire<\/strong>ou <strong>cryptomonnaies<\/strong>.<\/li>\n<li><strong>Montant minimum de retrait<\/strong>: <strong>$10 USD<\/strong>.<\/li>\n<li><strong>D\u00e9lai de traitement<\/strong>: <strong>Imm\u00e9diat<\/strong> jusqu'\u00e0 <strong>72 heures<\/strong>.<img decoding=\"async\" class=\"wp-image-7033 aligncenter\" src=\"https:\/\/cashbrawl.io\/wp-content\/uploads\/2025\/04\/background_removalTUFHLXhvQ25PbncjMSM2Y2FmMjhhNTNhMzRiYzBiNTFlMTQ3ZGQxNmEyZTRmMCMxNTM2IyNUUkFOU0ZPUk1BVElPTl9SRVFVRVNU-1.png\" alt=\"\" width=\"531\" height=\"354\" srcset=\"https:\/\/cashbrawl.io\/wp-content\/uploads\/2025\/04\/background_removalTUFHLXhvQ25PbncjMSM2Y2FmMjhhNTNhMzRiYzBiNTFlMTQ3ZGQxNmEyZTRmMCMxNTM2IyNUUkFOU0ZPUk1BVElPTl9SRVFVRVNU-1.png 1536w, https:\/\/cashbrawl.io\/wp-content\/uploads\/2025\/04\/background_removalTUFHLXhvQ25PbncjMSM2Y2FmMjhhNTNhMzRiYzBiNTFlMTQ3ZGQxNmEyZTRmMCMxNTM2IyNUUkFOU0ZPUk1BVElPTl9SRVFVRVNU-1-300x200.png 300w, https:\/\/cashbrawl.io\/wp-content\/uploads\/2025\/04\/background_removalTUFHLXhvQ25PbncjMSM2Y2FmMjhhNTNhMzRiYzBiNTFlMTQ3ZGQxNmEyZTRmMCMxNTM2IyNUUkFOU0ZPUk1BVElPTl9SRVFVRVNU-1-1024x683.png 1024w, https:\/\/cashbrawl.io\/wp-content\/uploads\/2025\/04\/background_removalTUFHLXhvQ25PbncjMSM2Y2FmMjhhNTNhMzRiYzBiNTFlMTQ3ZGQxNmEyZTRmMCMxNTM2IyNUUkFOU0ZPUk1BVElPTl9SRVFVRVNU-1-768x512.png 768w, https:\/\/cashbrawl.io\/wp-content\/uploads\/2025\/04\/background_removalTUFHLXhvQ25PbncjMSM2Y2FmMjhhNTNhMzRiYzBiNTFlMTQ3ZGQxNmEyZTRmMCMxNTM2IyNUUkFOU0ZPUk1BVElPTl9SRVFVRVNU-1-18x12.png 18w, https:\/\/cashbrawl.io\/wp-content\/uploads\/2025\/04\/background_removalTUFHLXhvQ25PbncjMSM2Y2FmMjhhNTNhMzRiYzBiNTFlMTQ3ZGQxNmEyZTRmMCMxNTM2IyNUUkFOU0ZPUk1BVElPTl9SRVFVRVNU-1-1320x880.png 1320w, https:\/\/cashbrawl.io\/wp-content\/uploads\/2025\/04\/background_removalTUFHLXhvQ25PbncjMSM2Y2FmMjhhNTNhMzRiYzBiNTFlMTQ3ZGQxNmEyZTRmMCMxNTM2IyNUUkFOU0ZPUk1BVElPTl9SRVFVRVNU-1-600x400.png 600w\" sizes=\"(max-width: 531px) 100vw, 531px\" \/><\/li>\n<\/ul>\n<hr \/>\n<h3><strong>????Conversion et chiffre d'affaires<\/strong><\/h3>\n<p><strong>BrawlDollar<\/strong> doivent \u00eatre utilis\u00e9s pour finaliser la <strong>transaction<\/strong> avant de pouvoir \u00eatre retir\u00e9s.<\/p>\n<ul>\n<li>Chaque <strong>BrawlDollar<\/strong> <strong>(Real balance)<\/strong> achet\u00e9 a un <strong>1x<\/strong> chiffre d'affaires.\n<ul>\n<li>Par exemple, si vous achetez <strong>5 BrawlDollar<\/strong>, vous devez jouer l'\u00e9quivalent de <strong>5 BrawlDollar<\/strong> pour effectuer la transaction et pouvoir retirer votre solde r\u00e9el.<\/li>\n<\/ul>\n<\/li>\n<li>Chaque <strong>BrawlCoin (cr\u00e9dits bonus)<\/strong> re\u00e7u a un <strong>30x<\/strong> chiffre d'affaires.\n<ul>\n<li>Par exemple, si vous recevez <strong>un bonus de 5 BrawlDollar<\/strong>, vous devez jouer l'\u00e9quivalent de <strong>150 BrawlDollar<\/strong> pour effectuer le renouvellement et pouvoir retirer votre solde bonus.<\/li>\n<\/ul>\n<\/li>\n<li><strong>Le solde bonus<\/strong> et <strong>le solde r\u00e9el<\/strong> sont g\u00e9r\u00e9s s\u00e9par\u00e9ment, mais les deux peuvent \u00eatre utilis\u00e9s pour participer aux jeux.<\/li>\n<\/ul>\n<h3><\/h3>\n<hr \/>\n<h3><strong>????Rechargez maintenant et commencez \u00e0 jouer !<\/strong><\/h3>\n<p>N'attendez pas \u2013 <a href=\"https:\/\/cashbrawl.io\/fr\/produit\/recharge-your-brawldollar\/\"><strong>rechargez votre BrawlDollar<\/strong> <\/a>d\u00e8s aujourd'hui et commencez \u00e0 concourir pour de v\u00e9ritables prix en argent sur <strong>CashBrawl<\/strong>!<\/p>\n<p><strong>Achetez maintenant et commencez \u00e0 gagner !<\/strong><\/p>","protected":false},"featured_media":7001,"template":"","meta":{"inline_featured_image":false},"product_brand":[],"product_cat":[15],"product_tag":[],"class_list":{"0":"post-5069","1":"product","2":"type-product","3":"status-publish","4":"has-post-thumbnail","6":"product_cat-uncategorized","7":"product_shipping_class-virtual","9":"first","10":"instock","11":"sold-individually","12":"shipping-taxable","13":"purchasable","14":"product-type-variable"},"jetpack_sharing_enabled":true,"_links":{"self":[{"href":"https:\/\/cashbrawl.io\/fr\/wp-json\/wp\/v2\/product\/5069","targetHints":{"allow":["GET"]}}],"collection":[{"href":"https:\/\/cashbrawl.io\/fr\/wp-json\/wp\/v2\/product"}],"about":[{"href":"https:\/\/cashbrawl.io\/fr\/wp-json\/wp\/v2\/types\/product"}],"wp:featuredmedia":[{"embeddable":true,"href":"https:\/\/cashbrawl.io\/fr\/wp-json\/wp\/v2\/media\/7001"}],"wp:attachment":[{"href":"https:\/\/cashbrawl.io\/fr\/wp-json\/wp\/v2\/media?parent=5069"}],"wp:term":[{"taxonomy":"product_brand","embeddable":true,"href":"https:\/\/cashbrawl.io\/fr\/wp-json\/wp\/v2\/product_brand?post=5069"},{"taxonomy":"product_cat","embeddable":true,"href":"https:\/\/cashbrawl.io\/fr\/wp-json\/wp\/v2\/product_cat?post=5069"},{"taxonomy":"product_tag","embeddable":true,"href":"https:\/\/cashbrawl.io\/fr\/wp-json\/wp\/v2\/product_tag?post=5069"}],"curies":[{"name":"wp","href":"https:\/\/api.w.org\/{rel}","templated":true}]}}