{"id":5069,"date":"2025-04-16T16:00:09","date_gmt":"2025-04-16T16:00:09","guid":{"rendered":"https:\/\/cashbrawl.io\/?post_type=product&#038;p=5069"},"modified":"2026-02-19T17:53:12","modified_gmt":"2026-02-19T17:53:12","slug":"recharge-your-brawldollar","status":"publish","type":"product","link":"https:\/\/cashbrawl.io\/es\/producto\/recharge-your-brawldollar\/","title":{"rendered":"Recarga tu BrawlDollar"},"content":{"rendered":"","protected":false},"excerpt":{"rendered":"<h3 data-start=\"149\" data-end=\"205\">???? <strong data-start=\"152\" data-end=\"205\">\u00a1Recarga tu BrawlDollar y juega en BrawlStars!<\/strong><\/h3>\n<p class=\"\" data-start=\"207\" data-end=\"446\">Bienvenido al coraz\u00f3n de la acci\u00f3n en <strong data-start=\"245\" data-end=\"258\">Cashbrawl<\/strong>!<br data-start=\"259\" data-end=\"262\" \/><strong data-start=\"262\" data-end=\"277\">BrawlDollar<\/strong> es la moneda virtual oficial de <strong>Cashbrawl<\/strong>, el juego basado en BrawlStars!<br data-start=\"354\" data-end=\"357\" \/>Cada BrawlDollar vale 1 USD, lo que te permite participar en juegos y ganar dinero real.<\/p>\n<p data-start=\"448\" data-end=\"778\"><img fetchpriority=\"high\" decoding=\"async\" class=\"wp-image-7032 aligncenter\" src=\"https:\/\/cashbrawl.io\/wp-content\/uploads\/2025\/04\/background_removalTUFHLXhvYi1pVUkjMSM2Y2FmMjhhNTNhMzRiYzBiNTFlMTQ3ZGQxNmEyZTRmMCMxNTM2IyNUUkFOU0ZPUk1BVElPTl9SRVFVRVNU-1.png\" alt=\"\" width=\"531\" height=\"354\" srcset=\"https:\/\/cashbrawl.io\/wp-content\/uploads\/2025\/04\/background_removalTUFHLXhvYi1pVUkjMSM2Y2FmMjhhNTNhMzRiYzBiNTFlMTQ3ZGQxNmEyZTRmMCMxNTM2IyNUUkFOU0ZPUk1BVElPTl9SRVFVRVNU-1.png 1536w, https:\/\/cashbrawl.io\/wp-content\/uploads\/2025\/04\/background_removalTUFHLXhvYi1pVUkjMSM2Y2FmMjhhNTNhMzRiYzBiNTFlMTQ3ZGQxNmEyZTRmMCMxNTM2IyNUUkFOU0ZPUk1BVElPTl9SRVFVRVNU-1-300x200.png 300w, https:\/\/cashbrawl.io\/wp-content\/uploads\/2025\/04\/background_removalTUFHLXhvYi1pVUkjMSM2Y2FmMjhhNTNhMzRiYzBiNTFlMTQ3ZGQxNmEyZTRmMCMxNTM2IyNUUkFOU0ZPUk1BVElPTl9SRVFVRVNU-1-1024x683.png 1024w, https:\/\/cashbrawl.io\/wp-content\/uploads\/2025\/04\/background_removalTUFHLXhvYi1pVUkjMSM2Y2FmMjhhNTNhMzRiYzBiNTFlMTQ3ZGQxNmEyZTRmMCMxNTM2IyNUUkFOU0ZPUk1BVElPTl9SRVFVRVNU-1-768x512.png 768w, https:\/\/cashbrawl.io\/wp-content\/uploads\/2025\/04\/background_removalTUFHLXhvYi1pVUkjMSM2Y2FmMjhhNTNhMzRiYzBiNTFlMTQ3ZGQxNmEyZTRmMCMxNTM2IyNUUkFOU0ZPUk1BVElPTl9SRVFVRVNU-1-18x12.png 18w, https:\/\/cashbrawl.io\/wp-content\/uploads\/2025\/04\/background_removalTUFHLXhvYi1pVUkjMSM2Y2FmMjhhNTNhMzRiYzBiNTFlMTQ3ZGQxNmEyZTRmMCMxNTM2IyNUUkFOU0ZPUk1BVElPTl9SRVFVRVNU-1-1320x880.png 1320w, https:\/\/cashbrawl.io\/wp-content\/uploads\/2025\/04\/background_removalTUFHLXhvYi1pVUkjMSM2Y2FmMjhhNTNhMzRiYzBiNTFlMTQ3ZGQxNmEyZTRmMCMxNTM2IyNUUkFOU0ZPUk1BVElPTl9SRVFVRVNU-1-600x400.png 600w\" sizes=\"(max-width: 531px) 100vw, 531px\" \/><\/p>\n<hr \/>\n<h3 data-start=\"448\" data-end=\"778\"><strong>???? \u00bfC\u00f3mo funciona BrawlDollar?<\/strong><\/h3>\n<ol>\n<li><strong>Comprar BrawlDollar<\/strong>:\n<ul>\n<li>Comprar <strong>BrawlDollar<\/strong> con tu moneda local. La conversi\u00f3n se realizar\u00e1 autom\u00e1ticamente a una tasa de <strong>1 BrawlDollar = 1 USD<\/strong>.<\/li>\n<li>Una vez comprado, tu <strong>BrawlDollar<\/strong> se a\u00f1adir\u00e1 a tu saldo y podr\u00e1s usarlo para participar en juegos y ganar premios.<\/li>\n<\/ul>\n<\/li>\n<li><strong>Usa BrawlDollar para jugar<\/strong>:\n<ul>\n<li>Participa en <strong>1 contra 1, 3 contra 3<\/strong>, <strong>5 contra 5<\/strong>, y <strong>Supervivencia<\/strong> juegos en <strong>BrawlStars<\/strong>, usando tu <strong>BrawlDollar<\/strong>.<\/li>\n<li>Cada partida tendr\u00e1 un <strong>entrada<\/strong> que se puede pagar con <strong>BrawlDollar<\/strong>.<\/li>\n<\/ul>\n<\/li>\n<li><strong>Retirar a dinero real<\/strong>:\n<ul>\n<li><span style=\"font-weight: 400;\">Una vez que hayas acumulado un saldo suficiente en BrawlDollar, <\/span><b>puedes convertirlo a tu moneda local y retirarlo usando tu m\u00e9todo preferido<\/b><span style=\"font-weight: 400;\"><span style=\"font-weight: 400;\">:<br \/>\n<\/span><\/span><\/p>\n<ul>\n<li style=\"font-weight: 400;\" aria-level=\"2\"><b>Criptomoneda :<\/b><span style=\"font-weight: 400;\"> Tarifa fija de 1 $.<\/span><\/li>\n<li style=\"font-weight: 400;\" aria-level=\"2\"><b>PayPal:<\/b><span style=\"font-weight: 400;\"> Tarifa fija de 5 $.<\/span><\/li>\n<li aria-level=\"2\"><span style=\"font-weight: 400;\"><b>Transferencia bancaria :<\/b> Disponible solo para retiros superiores a 50 $, sin comisiones.<\/span><\/li>\n<\/ul>\n<\/li>\n<\/ul>\n<\/li>\n<\/ol>\n<p><img decoding=\"async\" class=\"wp-image-7034 aligncenter\" src=\"https:\/\/cashbrawl.io\/wp-content\/uploads\/2025\/04\/Progetto-senza-titolo-53-1.png\" alt=\"\" width=\"531\" height=\"354\" srcset=\"https:\/\/cashbrawl.io\/wp-content\/uploads\/2025\/04\/Progetto-senza-titolo-53-1.png 1536w, https:\/\/cashbrawl.io\/wp-content\/uploads\/2025\/04\/Progetto-senza-titolo-53-1-300x200.png 300w, https:\/\/cashbrawl.io\/wp-content\/uploads\/2025\/04\/Progetto-senza-titolo-53-1-1024x683.png 1024w, https:\/\/cashbrawl.io\/wp-content\/uploads\/2025\/04\/Progetto-senza-titolo-53-1-768x512.png 768w, https:\/\/cashbrawl.io\/wp-content\/uploads\/2025\/04\/Progetto-senza-titolo-53-1-18x12.png 18w, https:\/\/cashbrawl.io\/wp-content\/uploads\/2025\/04\/Progetto-senza-titolo-53-1-1320x880.png 1320w, https:\/\/cashbrawl.io\/wp-content\/uploads\/2025\/04\/Progetto-senza-titolo-53-1-600x400.png 600w\" sizes=\"(max-width: 531px) 100vw, 531px\" \/><\/p>\n<hr \/>\n<h3><strong>???? \u00bfPor qu\u00e9 usar BrawlDollar?<\/strong><\/h3>\n<ol>\n<li><strong>Acceso f\u00e1cil<\/strong>: Puedes comprar tu <strong>BrawlDollar<\/strong> f\u00e1cilmente con tarjetas de cr\u00e9dito, PayPal o criptomonedas.<br \/>\n<strong>1 BrawlDollar = 1 USD<\/strong>.<\/li>\n<li><strong>Opciones de retiro flexible<\/strong>: Puedes retirar tus ganancias en tu moneda local o a trav\u00e9s de varios m\u00e9todos compatibles, incluidas criptomonedas y plataformas de pago en l\u00ednea.<\/li>\n<li><strong>Simplicidad<\/strong>: Usando <strong>BrawlDollar<\/strong> hace todo m\u00e1s r\u00e1pido y sencillo, sin necesidad de gestionar conversiones de moneda complejas.<\/li>\n<li><strong>Juega y gana<\/strong>: Usa tu <strong>BrawlDollar<\/strong> para unirte a torneos y juegos en <strong>BrawlStars<\/strong> a trav\u00e9s de <strong>CashBrawl<\/strong> <strong>Bot<\/strong> y gana premios en dinero real.<\/li>\n<\/ol>\n<hr \/>\n<h3><strong>???? Retiros f\u00e1ciles y r\u00e1pidos con BrawlDollar<\/strong><\/h3>\n<p>Una vez que hayas acumulado <strong>BrawlDollar<\/strong>, puedes convertirlos f\u00e1cilmente en dinero real.<\/p>\n<ul>\n<li><strong>1 BrawlDollar = 1 USD<\/strong>.<\/li>\n<li>Puedes elegir <strong>retirar v\u00eda PayPal<\/strong>, <strong>transferencia bancaria<\/strong>, o <strong>criptomonedas<\/strong>.<\/li>\n<li><strong>Cantidad m\u00ednima de retiro<\/strong>: <strong>$10 USD<\/strong>.<\/li>\n<li><strong>Tiempo de procesamiento<\/strong>: <strong>Inmediato<\/strong> hasta <strong>72 horas<\/strong>.<img decoding=\"async\" class=\"wp-image-7033 aligncenter\" src=\"https:\/\/cashbrawl.io\/wp-content\/uploads\/2025\/04\/background_removalTUFHLXhvQ25PbncjMSM2Y2FmMjhhNTNhMzRiYzBiNTFlMTQ3ZGQxNmEyZTRmMCMxNTM2IyNUUkFOU0ZPUk1BVElPTl9SRVFVRVNU-1.png\" alt=\"\" width=\"531\" height=\"354\" srcset=\"https:\/\/cashbrawl.io\/wp-content\/uploads\/2025\/04\/background_removalTUFHLXhvQ25PbncjMSM2Y2FmMjhhNTNhMzRiYzBiNTFlMTQ3ZGQxNmEyZTRmMCMxNTM2IyNUUkFOU0ZPUk1BVElPTl9SRVFVRVNU-1.png 1536w, https:\/\/cashbrawl.io\/wp-content\/uploads\/2025\/04\/background_removalTUFHLXhvQ25PbncjMSM2Y2FmMjhhNTNhMzRiYzBiNTFlMTQ3ZGQxNmEyZTRmMCMxNTM2IyNUUkFOU0ZPUk1BVElPTl9SRVFVRVNU-1-300x200.png 300w, https:\/\/cashbrawl.io\/wp-content\/uploads\/2025\/04\/background_removalTUFHLXhvQ25PbncjMSM2Y2FmMjhhNTNhMzRiYzBiNTFlMTQ3ZGQxNmEyZTRmMCMxNTM2IyNUUkFOU0ZPUk1BVElPTl9SRVFVRVNU-1-1024x683.png 1024w, https:\/\/cashbrawl.io\/wp-content\/uploads\/2025\/04\/background_removalTUFHLXhvQ25PbncjMSM2Y2FmMjhhNTNhMzRiYzBiNTFlMTQ3ZGQxNmEyZTRmMCMxNTM2IyNUUkFOU0ZPUk1BVElPTl9SRVFVRVNU-1-768x512.png 768w, https:\/\/cashbrawl.io\/wp-content\/uploads\/2025\/04\/background_removalTUFHLXhvQ25PbncjMSM2Y2FmMjhhNTNhMzRiYzBiNTFlMTQ3ZGQxNmEyZTRmMCMxNTM2IyNUUkFOU0ZPUk1BVElPTl9SRVFVRVNU-1-18x12.png 18w, https:\/\/cashbrawl.io\/wp-content\/uploads\/2025\/04\/background_removalTUFHLXhvQ25PbncjMSM2Y2FmMjhhNTNhMzRiYzBiNTFlMTQ3ZGQxNmEyZTRmMCMxNTM2IyNUUkFOU0ZPUk1BVElPTl9SRVFVRVNU-1-1320x880.png 1320w, https:\/\/cashbrawl.io\/wp-content\/uploads\/2025\/04\/background_removalTUFHLXhvQ25PbncjMSM2Y2FmMjhhNTNhMzRiYzBiNTFlMTQ3ZGQxNmEyZTRmMCMxNTM2IyNUUkFOU0ZPUk1BVElPTl9SRVFVRVNU-1-600x400.png 600w\" sizes=\"(max-width: 531px) 100vw, 531px\" \/><\/li>\n<\/ul>\n<hr \/>\n<h3><strong>???? Conversi\u00f3n y volumen<\/strong><\/h3>\n<p><strong>BrawlDollar<\/strong> deben usarse para completar el <strong>volumen de apuestas<\/strong> antes de que pueda retirarse.<\/p>\n<ul>\n<li>Cada <strong>BrawlDollar<\/strong> <strong>(Saldo real)<\/strong> comprado tiene un <strong>1x<\/strong> volumen de apuestas.\n<ul>\n<li>Por ejemplo, si compras <strong>5 BrawlDollar<\/strong>, debes jugar el equivalente de <strong>5 BrawlDollar<\/strong> para completar el volumen de apuestas y poder retirar tu saldo real.<\/li>\n<\/ul>\n<\/li>\n<li>Cada <strong>BrawlCoin (cr\u00e9ditos de bonificaci\u00f3n)<\/strong> recibido tiene un <strong>30x<\/strong> volumen de apuestas.\n<ul>\n<li>Por ejemplo, si recibes <strong>bono de 5 BrawlDollar<\/strong>, debes jugar el equivalente de <strong>150 BrawlDollar<\/strong> para completar el volumen de apuestas y poder retirar tu saldo de bonificaci\u00f3n.<\/li>\n<\/ul>\n<\/li>\n<li><strong>Saldo de bonificaci\u00f3n<\/strong> y <strong>Saldo real<\/strong> se gestionan por separado, pero ambos pueden usarse para participar en juegos.<\/li>\n<\/ul>\n<h3><\/h3>\n<hr \/>\n<h3><strong>???? \u00a1Recarga ahora y empieza a jugar!<\/strong><\/h3>\n<p>No esperes \u2013 <a href=\"https:\/\/cashbrawl.io\/es\/producto\/recharge-your-brawldollar\/\"><strong>recarga tu BrawlDollar<\/strong> <\/a>hoy y comienza a competir por premios en dinero real en <strong>CashBrawl<\/strong>!<\/p>\n<p><strong>\u00a1Compra ahora y empieza a ganar!<\/strong><\/p>","protected":false},"featured_media":7001,"template":"","meta":{"inline_featured_image":false},"product_brand":[],"product_cat":[15],"product_tag":[],"class_list":{"0":"post-5069","1":"product","2":"type-product","3":"status-publish","4":"has-post-thumbnail","6":"product_cat-uncategorized","7":"product_shipping_class-virtual","9":"first","10":"instock","11":"sold-individually","12":"shipping-taxable","13":"purchasable","14":"product-type-variable"},"jetpack_sharing_enabled":true,"_links":{"self":[{"href":"https:\/\/cashbrawl.io\/es\/wp-json\/wp\/v2\/product\/5069","targetHints":{"allow":["GET"]}}],"collection":[{"href":"https:\/\/cashbrawl.io\/es\/wp-json\/wp\/v2\/product"}],"about":[{"href":"https:\/\/cashbrawl.io\/es\/wp-json\/wp\/v2\/types\/product"}],"wp:featuredmedia":[{"embeddable":true,"href":"https:\/\/cashbrawl.io\/es\/wp-json\/wp\/v2\/media\/7001"}],"wp:attachment":[{"href":"https:\/\/cashbrawl.io\/es\/wp-json\/wp\/v2\/media?parent=5069"}],"wp:term":[{"taxonomy":"product_brand","embeddable":true,"href":"https:\/\/cashbrawl.io\/es\/wp-json\/wp\/v2\/product_brand?post=5069"},{"taxonomy":"product_cat","embeddable":true,"href":"https:\/\/cashbrawl.io\/es\/wp-json\/wp\/v2\/product_cat?post=5069"},{"taxonomy":"product_tag","embeddable":true,"href":"https:\/\/cashbrawl.io\/es\/wp-json\/wp\/v2\/product_tag?post=5069"}],"curies":[{"name":"wp","href":"https:\/\/api.w.org\/{rel}","templated":true}]}}